{"id":88,"date":"2023-11-20T10:36:06","date_gmt":"2023-11-20T09:36:06","guid":{"rendered":"https:\/\/helpdesk.ovio365.com\/?page_id=88"},"modified":"2024-04-30T11:05:56","modified_gmt":"2024-04-30T09:05:56","slug":"faq","status":"publish","type":"page","link":"https:\/\/helpdesk.ovio365.com\/?page_id=88","title":{"rendered":"FAQ"},"content":{"rendered":"<p>[et_pb_section fb_built=&#8220;1&#8243; _builder_version=&#8220;4.23.1&#8243; _module_preset=&#8220;default&#8220; global_colors_info=&#8220;{}&#8220;][et_pb_row _builder_version=&#8220;4.23.1&#8243; _module_preset=&#8220;default&#8220; global_colors_info=&#8220;{}&#8220;][et_pb_column type=&#8220;4_4&#8243; _builder_version=&#8220;4.23.1&#8243; _module_preset=&#8220;default&#8220; global_colors_info=&#8220;{}&#8220;][et_pb_text _builder_version=&#8220;4.23.1&#8243; _module_preset=&#8220;default&#8220; text_orientation=&#8220;center&#8220; global_colors_info=&#8220;{}&#8220;]<\/p>\n<h1>FAQ<\/h1>\n<p>[\/et_pb_text][\/et_pb_column][\/et_pb_row][et_pb_row _builder_version=&#8220;4.23.1&#8243; _module_preset=&#8220;default&#8220; global_colors_info=&#8220;{}&#8220;][et_pb_column type=&#8220;4_4&#8243; _builder_version=&#8220;4.23.1&#8243; _module_preset=&#8220;default&#8220; global_colors_info=&#8220;{}&#8220;][et_pb_accordion _builder_version=&#8220;4.25.0&#8243; _module_preset=&#8220;default&#8220; hover_enabled=&#8220;0&#8243; global_colors_info=&#8220;{}&#8220; sticky_enabled=&#8220;0&#8243;][et_pb_accordion_item title=&#8220;Meine Seite bleibt wei\u00df wenn ich die OVIO URL im Browser Aufrufe&#8220; open=&#8220;on&#8220; _builder_version=&#8220;4.23.1&#8243; _module_preset=&#8220;default&#8220; global_colors_info=&#8220;{}&#8220;]<\/p>\n<p>In diesem Fall pr\u00fcfen Sie bitte ob die URL richtig eingegeben wurde als Referenz nutzen Sie gerne diesen Link <a href=\"https:\/\/helpdesk.ovio365.com\/?p=210\">https:\/\/helpdesk.ovio365.com\/?p=210<\/a>\u00a0<\/p>\n<p>[\/et_pb_accordion_item][et_pb_accordion_item title=&#8220;Mein OVIO Virtual Assistent starten nicht mehr&#8220; _builder_version=&#8220;4.23.1&#8243; _module_preset=&#8220;default&#8220; global_colors_info=&#8220;{}&#8220; open=&#8220;off&#8220;]<\/p>\n<p>Sollte dies mehr als einmal in abst\u00e4nden von 15min vorkommen gehen Sie wie folgt vor.<\/p>\n<p>1.) \u00d6ffnen Sie die Weboberfl\u00e4che und entfernen Sie Ihr Ger\u00e4t eine Referenz gibt es hier <a href=\"https:\/\/helpdesk.ovio365.com\/?p=285\">https:\/\/helpdesk.ovio365.com\/?p=285<\/a>\u00a0<\/p>\n<p>2.) L\u00f6schen Sie dann den Ordner im folgenden Verzeichnis:<\/p>\n<p>C:\\Users\\[Username]\\AppData\\Local\\.OVIO<\/p>\n<p>Sollten Sie keine Berechtigung besitzen um diesen Vorgang auszuf\u00fchren versuchen Sie einfach einen erneuten Start des Assistenten. Dieses mal sollte eine Aufforderung zur erneuten Anmeldung erscheinen. Eine erneute Authentifizierung ist n\u00f6tig um das Ger\u00e4t wieder mit der OVIO Cloud zu registrieren.<\/p>\n<p>[\/et_pb_accordion_item][et_pb_accordion_item title=&#8220;Mein OVIO Virtual Assistant h\u00e4ngt und reagiert nicht mehr&#8220; _builder_version=&#8220;4.23.1&#8243; _module_preset=&#8220;default&#8220; global_colors_info=&#8220;{}&#8220; open=&#8220;off&#8220;]<\/p>\n<p>Wenn diese Fall eintreffen sollte, dann k\u00f6nnen Sie den Prozess einfach schlie\u00dfen indem Sie 2x die ESC Taste dr\u00fccken. Beachten Sie das in diesem Fall alle nicht gespeicherte Arbeit verloren gehen kann. Eine Referenz hierzu gibt es hier <a href=\"https:\/\/helpdesk.ovio365.com\/?p=382\">https:\/\/helpdesk.ovio365.com\/?p=382<\/a>\u00a0<\/p>\n<p>[\/et_pb_accordion_item][et_pb_accordion_item title=&#8220;Mein Aufnahme Button fehlt im OVIO Virtual Assistant&#8220; _builder_version=&#8220;4.23.1&#8243; _module_preset=&#8220;default&#8220; global_colors_info=&#8220;{}&#8220; open=&#8220;off&#8220;]<\/p>\n<p>In diesem Fall haben Sie die Skalierung des Monitors nicht richtig eingestellt. Hierzu \u00e4ndern Sie bitte die Skallierung auf 100%. Eine Referenz gibt es dazu hier <a href=\"https:\/\/helpdesk.ovio365.com\/?p=522\">https:\/\/helpdesk.ovio365.com\/?p=522<\/a><\/p>\n<p>[\/et_pb_accordion_item][et_pb_accordion_item title=&#8220;Wie gelange ich ins OVIO EPSS Studio&#8220; _builder_version=&#8220;4.25.0&#8243; _module_preset=&#8220;default&#8220; hover_enabled=&#8220;0&#8243; sticky_enabled=&#8220;0&#8243;]<\/p>\n<p>Um ins EPSS Studio zu gelangen nutzen Sie bitte diesen Link f\u00fcr eine detaillierte Erkl\u00e4rung <a href=\"https:\/\/helpdesk.ovio365.com\/?p=643\">https:\/\/helpdesk.ovio365.com\/?p=643<\/a> <o:p><\/o:p><\/p>\n<p>[\/et_pb_accordion_item][\/et_pb_accordion][\/et_pb_column][\/et_pb_row][\/et_pb_section]<\/p>\n","protected":false},"excerpt":{"rendered":"<p>FAQIn diesem Fall pr\u00fcfen Sie bitte ob die URL richtig eingegeben wurde als Referenz nutzen Sie gerne diesen Link https:\/\/helpdesk.ovio365.com\/?p=210\u00a0Sollte dies mehr als einmal in abst\u00e4nden von 15min vorkommen gehen Sie wie folgt vor. 1.) \u00d6ffnen Sie die Weboberfl\u00e4che und entfernen Sie Ihr Ger\u00e4t eine Referenz gibt es hier https:\/\/helpdesk.ovio365.com\/?p=285\u00a0 2.) L\u00f6schen Sie dann den [&hellip;]<\/p>\n","protected":false},"author":1,"featured_media":0,"parent":0,"menu_order":0,"comment_status":"closed","ping_status":"closed","template":"","meta":{"_et_pb_use_builder":"on","_et_pb_old_content":"<!-- wp:divi\/placeholder \/-->","_et_gb_content_width":"","footnotes":""},"class_list":["post-88","page","type-page","status-publish","hentry"],"_links":{"self":[{"href":"https:\/\/helpdesk.ovio365.com\/index.php?rest_route=\/wp\/v2\/pages\/88","targetHints":{"allow":["GET"]}}],"collection":[{"href":"https:\/\/helpdesk.ovio365.com\/index.php?rest_route=\/wp\/v2\/pages"}],"about":[{"href":"https:\/\/helpdesk.ovio365.com\/index.php?rest_route=\/wp\/v2\/types\/page"}],"author":[{"embeddable":true,"href":"https:\/\/helpdesk.ovio365.com\/index.php?rest_route=\/wp\/v2\/users\/1"}],"replies":[{"embeddable":true,"href":"https:\/\/helpdesk.ovio365.com\/index.php?rest_route=%2Fwp%2Fv2%2Fcomments&post=88"}],"version-history":[{"count":0,"href":"https:\/\/helpdesk.ovio365.com\/index.php?rest_route=\/wp\/v2\/pages\/88\/revisions"}],"wp:attachment":[{"href":"https:\/\/helpdesk.ovio365.com\/index.php?rest_route=%2Fwp%2Fv2%2Fmedia&parent=88"}],"curies":[{"name":"wp","href":"https:\/\/api.w.org\/{rel}","templated":true}]}}