{"id":86,"date":"2023-11-20T10:35:43","date_gmt":"2023-11-20T09:35:43","guid":{"rendered":"https:\/\/helpdesk.ovio365.com\/?page_id=86"},"modified":"2024-09-22T15:15:40","modified_gmt":"2024-09-22T13:15:40","slug":"ovio-web-access","status":"publish","type":"page","link":"https:\/\/helpdesk.ovio365.com\/?page_id=86","title":{"rendered":"Web Access"},"content":{"rendered":"<p>[et_pb_section fb_built=&#8220;1&#8243; _builder_version=&#8220;4.23.1&#8243; _module_preset=&#8220;default&#8220; global_colors_info=&#8220;{}&#8220;][et_pb_row _builder_version=&#8220;4.23.1&#8243; _module_preset=&#8220;default&#8220; global_colors_info=&#8220;{}&#8220;][et_pb_column type=&#8220;4_4&#8243; _builder_version=&#8220;4.23.1&#8243; _module_preset=&#8220;default&#8220; global_colors_info=&#8220;{}&#8220;][et_pb_text _builder_version=&#8220;4.23.1&#8243; _module_preset=&#8220;default&#8220; header_text_align=&#8220;center&#8220; global_colors_info=&#8220;{}&#8220;]<\/p>\n<h1>OVIO Web Access Handbuch<\/h1>\n<p>[\/et_pb_text][et_pb_text _builder_version=&#8220;4.23.1&#8243; _module_preset=&#8220;default&#8220; global_colors_info=&#8220;{}&#8220;]<\/p>\n<p>Die OVIO-Cloud bietet einem Unternehmen die M\u00f6glichkeit das Unternehmenswissen aus den Fachabteilungen zu Dokumentieren und zu digitalisieren. Dieses Wissen kann den Mitarbeitern Rollen basiert zur Verf\u00fcgung gestellt werden auf verschiedene Art und Weise. Mit OVIO ist dies aus der ganzen Welt m\u00f6glich, denn es basiert auf einer Cloud Technologie die Weltweit erreichbar it. Hierzu m\u00f6chten wir Ihnen gerne die untenstehenden Kapitel zur Weboberfl\u00e4che vorstellen. Dieses Handbuch dient als anhaltpunkt und zur Hilfe. Der Funktionsumfang der Cloud Umgebung und deren Funktionen ist hier abgebildet.<\/p>\n<p>[\/et_pb_text][\/et_pb_column][\/et_pb_row][et_pb_row column_structure=&#8220;2_3,1_3&#8243; _builder_version=&#8220;4.23.1&#8243; _module_preset=&#8220;default&#8220; global_colors_info=&#8220;{}&#8220;][et_pb_column type=&#8220;2_3&#8243; _builder_version=&#8220;4.23.1&#8243; _module_preset=&#8220;default&#8220; global_colors_info=&#8220;{}&#8220;][et_pb_blog posts_number=&#8220;100&#8243; include_categories=&#8220;9&#8243; show_thumbnail=&#8220;off&#8220; show_more=&#8220;on&#8220; show_pagination=&#8220;off&#8220; _builder_version=&#8220;4.27.0&#8243; _module_preset=&#8220;default&#8220; width=&#8220;100%&#8220; custom_padding=&#8220;|0px||||&#8220; hover_enabled=&#8220;0&#8243; global_colors_info=&#8220;{}&#8220; sticky_enabled=&#8220;0&#8243;][\/et_pb_blog][\/et_pb_column][et_pb_column type=&#8220;1_3&#8243; _builder_version=&#8220;4.23.1&#8243; _module_preset=&#8220;default&#8220; global_colors_info=&#8220;{}&#8220;][et_pb_code _builder_version=&#8220;4.23.1&#8243; _module_preset=&#8220;default&#8220; custom_margin=&#8220;-15px||||false|false&#8220; global_colors_info=&#8220;{}&#8220;][\/et_pb_code][\/et_pb_column][\/et_pb_row][\/et_pb_section]<\/p>\n","protected":false},"excerpt":{"rendered":"<p>OVIO Web Access HandbuchDie OVIO-Cloud bietet einem Unternehmen die M\u00f6glichkeit das Unternehmenswissen aus den Fachabteilungen zu Dokumentieren und zu digitalisieren. Dieses Wissen kann den Mitarbeitern Rollen basiert zur Verf\u00fcgung gestellt werden auf verschiedene Art und Weise. Mit OVIO ist dies aus der ganzen Welt m\u00f6glich, denn es basiert auf einer Cloud Technologie die Weltweit erreichbar [&hellip;]<\/p>\n","protected":false},"author":1,"featured_media":0,"parent":0,"menu_order":0,"comment_status":"closed","ping_status":"closed","template":"","meta":{"_et_pb_use_builder":"on","_et_pb_old_content":"<!-- wp:divi\/placeholder \/-->","_et_gb_content_width":"","footnotes":""},"class_list":["post-86","page","type-page","status-publish","hentry"],"_links":{"self":[{"href":"https:\/\/helpdesk.ovio365.com\/index.php?rest_route=\/wp\/v2\/pages\/86","targetHints":{"allow":["GET"]}}],"collection":[{"href":"https:\/\/helpdesk.ovio365.com\/index.php?rest_route=\/wp\/v2\/pages"}],"about":[{"href":"https:\/\/helpdesk.ovio365.com\/index.php?rest_route=\/wp\/v2\/types\/page"}],"author":[{"embeddable":true,"href":"https:\/\/helpdesk.ovio365.com\/index.php?rest_route=\/wp\/v2\/users\/1"}],"replies":[{"embeddable":true,"href":"https:\/\/helpdesk.ovio365.com\/index.php?rest_route=%2Fwp%2Fv2%2Fcomments&post=86"}],"version-history":[{"count":0,"href":"https:\/\/helpdesk.ovio365.com\/index.php?rest_route=\/wp\/v2\/pages\/86\/revisions"}],"wp:attachment":[{"href":"https:\/\/helpdesk.ovio365.com\/index.php?rest_route=%2Fwp%2Fv2%2Fmedia&parent=86"}],"curies":[{"name":"wp","href":"https:\/\/api.w.org\/{rel}","templated":true}]}}