{"id":84,"date":"2023-11-20T10:35:25","date_gmt":"2023-11-20T09:35:25","guid":{"rendered":"https:\/\/helpdesk.ovio365.com\/?page_id=84"},"modified":"2024-09-22T15:32:49","modified_gmt":"2024-09-22T13:32:49","slug":"ovio-virtual-assistant","status":"publish","type":"page","link":"https:\/\/helpdesk.ovio365.com\/?page_id=84","title":{"rendered":"Virtual Assistant"},"content":{"rendered":"<p>[et_pb_section fb_built=&#8220;1&#8243; _builder_version=&#8220;4.23.1&#8243; _module_preset=&#8220;default&#8220; global_colors_info=&#8220;{}&#8220;][et_pb_row _builder_version=&#8220;4.23.1&#8243; _module_preset=&#8220;default&#8220; global_colors_info=&#8220;{}&#8220;][et_pb_column type=&#8220;4_4&#8243; _builder_version=&#8220;4.23.1&#8243; _module_preset=&#8220;default&#8220; global_colors_info=&#8220;{}&#8220;][et_pb_text _builder_version=&#8220;4.23.1&#8243; _module_preset=&#8220;default&#8220; header_text_align=&#8220;center&#8220; global_colors_info=&#8220;{}&#8220;]<\/p>\n<h1>OVIO Virtual Assistant (OVA) Handbuch<\/h1>\n<p>[\/et_pb_text][et_pb_text _builder_version=&#8220;4.23.1&#8243; _module_preset=&#8220;default&#8220; global_colors_info=&#8220;{}&#8220;]<\/p>\n<p>Der OVIO Virtual Assistant ist eine Software, die auf den Ger\u00e4ten der Mitarbeiter installiert werden kann. Autoren k\u00f6nnen mit diesem Assistenten Unternehmensinterne Software aufzunehmen, um hieraus digitale Prozesse zu erstellen. Aus diesen Aufzeichnungen werden den Mitarbeitern mehrere Mehrwert geboten. Prozessorientierte Hilfe im Live-System aufgrund von Kontextsensitiven Erkennung durch den Assistenten. In einfachen Worten die Mitarbeiter eines Unternehmens erhalten Hilfestellungen genau da wo Sie es ben\u00f6tigen und werden nebenbei noch geschult. Die Grundm\u00e4\u00dfige Nutzung und Verwendung wird in den untenstehenden Kapiteln erl\u00e4utert.<\/p>\n<p>[\/et_pb_text][\/et_pb_column][\/et_pb_row][et_pb_row column_structure=&#8220;2_3,1_3&#8243; _builder_version=&#8220;4.23.1&#8243; _module_preset=&#8220;default&#8220; global_colors_info=&#8220;{}&#8220;][et_pb_column type=&#8220;2_3&#8243; _builder_version=&#8220;4.23.1&#8243; _module_preset=&#8220;default&#8220; global_colors_info=&#8220;{}&#8220;][et_pb_blog posts_number=&#8220;500&#8243; include_categories=&#8220;8&#8243; _builder_version=&#8220;4.27.0&#8243; _module_preset=&#8220;default&#8220; hover_enabled=&#8220;0&#8243; global_colors_info=&#8220;{}&#8220; sticky_enabled=&#8220;0&#8243;][\/et_pb_blog][\/et_pb_column][et_pb_column type=&#8220;1_3&#8243; _builder_version=&#8220;4.23.1&#8243; _module_preset=&#8220;default&#8220; global_colors_info=&#8220;{}&#8220;][et_pb_code _builder_version=&#8220;4.23.1&#8243; _module_preset=&#8220;default&#8220; custom_margin=&#8220;-15px||||false|false&#8220; global_colors_info=&#8220;{}&#8220;][\/et_pb_code][\/et_pb_column][\/et_pb_row][\/et_pb_section]<\/p>\n","protected":false},"excerpt":{"rendered":"<p>OVIO Virtual Assistant (OVA) HandbuchDer OVIO Virtual Assistant ist eine Software, die auf den Ger\u00e4ten der Mitarbeiter installiert werden kann. Autoren k\u00f6nnen mit diesem Assistenten Unternehmensinterne Software aufzunehmen, um hieraus digitale Prozesse zu erstellen. Aus diesen Aufzeichnungen werden den Mitarbeitern mehrere Mehrwert geboten. Prozessorientierte Hilfe im Live-System aufgrund von Kontextsensitiven Erkennung durch den Assistenten. In [&hellip;]<\/p>\n","protected":false},"author":1,"featured_media":0,"parent":0,"menu_order":0,"comment_status":"closed","ping_status":"closed","template":"","meta":{"_et_pb_use_builder":"on","_et_pb_old_content":"<!-- wp:divi\/placeholder \/-->","_et_gb_content_width":"","footnotes":""},"class_list":["post-84","page","type-page","status-publish","hentry"],"_links":{"self":[{"href":"https:\/\/helpdesk.ovio365.com\/index.php?rest_route=\/wp\/v2\/pages\/84","targetHints":{"allow":["GET"]}}],"collection":[{"href":"https:\/\/helpdesk.ovio365.com\/index.php?rest_route=\/wp\/v2\/pages"}],"about":[{"href":"https:\/\/helpdesk.ovio365.com\/index.php?rest_route=\/wp\/v2\/types\/page"}],"author":[{"embeddable":true,"href":"https:\/\/helpdesk.ovio365.com\/index.php?rest_route=\/wp\/v2\/users\/1"}],"replies":[{"embeddable":true,"href":"https:\/\/helpdesk.ovio365.com\/index.php?rest_route=%2Fwp%2Fv2%2Fcomments&post=84"}],"version-history":[{"count":0,"href":"https:\/\/helpdesk.ovio365.com\/index.php?rest_route=\/wp\/v2\/pages\/84\/revisions"}],"wp:attachment":[{"href":"https:\/\/helpdesk.ovio365.com\/index.php?rest_route=%2Fwp%2Fv2%2Fmedia&parent=84"}],"curies":[{"name":"wp","href":"https:\/\/api.w.org\/{rel}","templated":true}]}}