{"id":177,"date":"2023-11-20T14:33:14","date_gmt":"2023-11-20T13:33:14","guid":{"rendered":"https:\/\/helpdesk.ovio365.com\/?page_id=177"},"modified":"2024-09-22T15:08:51","modified_gmt":"2024-09-22T13:08:51","slug":"ovio-administrator-guide","status":"publish","type":"page","link":"https:\/\/helpdesk.ovio365.com\/?page_id=177","title":{"rendered":"Administrator Handbuch"},"content":{"rendered":"<p>[et_pb_section fb_built=&#8220;1&#8243; _builder_version=&#8220;4.23.1&#8243; _module_preset=&#8220;default&#8220; global_colors_info=&#8220;{}&#8220;][et_pb_row _builder_version=&#8220;4.25.0&#8243; _module_preset=&#8220;default&#8220; global_colors_info=&#8220;{}&#8220;][et_pb_column type=&#8220;4_4&#8243; _builder_version=&#8220;4.23.1&#8243; _module_preset=&#8220;default&#8220; global_colors_info=&#8220;{}&#8220;][et_pb_text _builder_version=&#8220;4.23.1&#8243; _module_preset=&#8220;default&#8220; header_text_align=&#8220;center&#8220; global_colors_info=&#8220;{}&#8220;]<\/p>\n<h1>Administrator Handbuch<\/h1>\n<p>[\/et_pb_text][et_pb_text _builder_version=&#8220;4.23.1&#8243; _module_preset=&#8220;default&#8220; header_5_line_height=&#8220;1.5em&#8220; global_colors_info=&#8220;{}&#8220;]<\/p>\n<p>Willkommen auf der Administrator Handbuch Seite. In den untenstehenden Kapiteln haben wir alle Grundlegenden Informationen zur Nutzung der OVIO Cloud f\u00fcr Administratoren zusammengefast. Dies ist ein stetig wachsenden Prozess \u00fcber Feedback und Verbesserungen stehen wir gerne mit einem offenen Ohr zur Verf\u00fcgung.<\/p>\n<p>[\/et_pb_text][\/et_pb_column][\/et_pb_row][et_pb_row column_structure=&#8220;2_3,1_3&#8243; _builder_version=&#8220;4.23.1&#8243; _module_preset=&#8220;default&#8220; global_colors_info=&#8220;{}&#8220;][et_pb_column type=&#8220;2_3&#8243; _builder_version=&#8220;4.23.1&#8243; _module_preset=&#8220;default&#8220; global_colors_info=&#8220;{}&#8220;][et_pb_blog posts_number=&#8220;100&#8243; include_categories=&#8220;7&#8243; show_thumbnail=&#8220;off&#8220; _builder_version=&#8220;4.27.0&#8243; _module_preset=&#8220;default&#8220; hover_enabled=&#8220;0&#8243; global_colors_info=&#8220;{}&#8220; sticky_enabled=&#8220;0&#8243;][\/et_pb_blog][\/et_pb_column][et_pb_column type=&#8220;1_3&#8243; _builder_version=&#8220;4.23.1&#8243; _module_preset=&#8220;default&#8220; global_colors_info=&#8220;{}&#8220;][et_pb_code _builder_version=&#8220;4.23.1&#8243; _module_preset=&#8220;default&#8220; custom_margin=&#8220;-15px||||false|false&#8220; global_colors_info=&#8220;{}&#8220;][\/et_pb_code][\/et_pb_column][\/et_pb_row][\/et_pb_section]<\/p>\n","protected":false},"excerpt":{"rendered":"<p>Administrator HandbuchWillkommen auf der Administrator Handbuch Seite. In den untenstehenden Kapiteln haben wir alle Grundlegenden Informationen zur Nutzung der OVIO Cloud f\u00fcr Administratoren zusammengefast. Dies ist ein stetig wachsenden Prozess \u00fcber Feedback und Verbesserungen stehen wir gerne mit einem offenen Ohr zur Verf\u00fcgung.<\/p>\n","protected":false},"author":1,"featured_media":0,"parent":0,"menu_order":0,"comment_status":"closed","ping_status":"closed","template":"","meta":{"_et_pb_use_builder":"on","_et_pb_old_content":"","_et_gb_content_width":"","footnotes":""},"class_list":["post-177","page","type-page","status-publish","hentry"],"_links":{"self":[{"href":"https:\/\/helpdesk.ovio365.com\/index.php?rest_route=\/wp\/v2\/pages\/177","targetHints":{"allow":["GET"]}}],"collection":[{"href":"https:\/\/helpdesk.ovio365.com\/index.php?rest_route=\/wp\/v2\/pages"}],"about":[{"href":"https:\/\/helpdesk.ovio365.com\/index.php?rest_route=\/wp\/v2\/types\/page"}],"author":[{"embeddable":true,"href":"https:\/\/helpdesk.ovio365.com\/index.php?rest_route=\/wp\/v2\/users\/1"}],"replies":[{"embeddable":true,"href":"https:\/\/helpdesk.ovio365.com\/index.php?rest_route=%2Fwp%2Fv2%2Fcomments&post=177"}],"version-history":[{"count":0,"href":"https:\/\/helpdesk.ovio365.com\/index.php?rest_route=\/wp\/v2\/pages\/177\/revisions"}],"wp:attachment":[{"href":"https:\/\/helpdesk.ovio365.com\/index.php?rest_route=%2Fwp%2Fv2%2Fmedia&parent=177"}],"curies":[{"name":"wp","href":"https:\/\/api.w.org\/{rel}","templated":true}]}}